{"id":138,"date":"2020-11-17T14:06:16","date_gmt":"2020-11-17T17:06:16","guid":{"rendered":"https:\/\/clur.com.ar\/wp53\/?page_id=138"},"modified":"2021-05-03T11:44:29","modified_gmt":"2021-05-03T14:44:29","slug":"nosotros","status":"publish","type":"page","link":"https:\/\/clur.com.ar\/wp53\/nosotros\/","title":{"rendered":"Nosotros"},"content":{"rendered":"\t\t<div data-elementor-type=\"wp-page\" data-elementor-id=\"138\" class=\"elementor elementor-138\" data-elementor-settings=\"[]\">\n\t\t\t<div class=\"elementor-inner\">\n\t\t\t\t<div class=\"elementor-section-wrap\">\n\t\t\t\t\t\t\t<section class=\"elementor-element elementor-element-a79587c elementor-section-stretched elementor-section-full_width elementor-section-height-min-height elementor-section-height-default elementor-section-items-middle elementor-section elementor-top-section\" data-id=\"a79587c\" data-element_type=\"section\" data-settings=\"{&quot;stretch_section&quot;:&quot;section-stretched&quot;,&quot;background_background&quot;:&quot;classic&quot;}\">\n\t\t\t\t\t\t<div class=\"elementor-container elementor-column-gap-default\">\n\t\t\t\t<div class=\"elementor-row\">\n\t\t\t\t<div class=\"elementor-element elementor-element-803db41 elementor-column elementor-col-100 elementor-top-column\" data-id=\"803db41\" data-element_type=\"column\">\n\t\t\t<div class=\"elementor-column-wrap\">\n\t\t\t\t\t<div class=\"elementor-widget-wrap\">\n\t\t\t\t\t\t<\/div>\n\t\t\t<\/div>\n\t\t<\/div>\n\t\t\t\t\t\t<\/div>\n\t\t\t<\/div>\n\t\t<\/section>\n\t\t\t\t<section class=\"elementor-element elementor-element-d931765 elementor-section-boxed elementor-section-height-default elementor-section-height-default elementor-section elementor-top-section\" data-id=\"d931765\" data-element_type=\"section\">\n\t\t\t\t\t\t<div class=\"elementor-container elementor-column-gap-default\">\n\t\t\t\t<div class=\"elementor-row\">\n\t\t\t\t<div class=\"elementor-element elementor-element-01fe5a9 elementor-column elementor-col-100 elementor-top-column\" data-id=\"01fe5a9\" data-element_type=\"column\">\n\t\t\t<div class=\"elementor-column-wrap  elementor-element-populated\">\n\t\t\t\t\t<div class=\"elementor-widget-wrap\">\n\t\t\t\t<div class=\"elementor-element elementor-element-206a0e6 elementor-widget elementor-widget-heading\" data-id=\"206a0e6\" data-element_type=\"widget\" data-widget_type=\"heading.default\">\n\t\t\t\t<div class=\"elementor-widget-container\">\n\t\t\t<h2 class=\"elementor-heading-title elementor-size-default\">Quienes Somos<\/h2>\t\t<\/div>\n\t\t\t\t<\/div>\n\t\t\t\t<div class=\"elementor-element elementor-element-ed7f1f3 elementor-widget elementor-widget-divider\" data-id=\"ed7f1f3\" data-element_type=\"widget\" data-widget_type=\"divider.default\">\n\t\t\t\t<div class=\"elementor-widget-container\">\n\t\t\t\t\t<div class=\"elementor-divider\">\n\t\t\t<span class=\"elementor-divider-separator\">\n\t\t\t\t\t\t<\/span>\n\t\t<\/div>\n\t\t\t\t<\/div>\n\t\t\t\t<\/div>\n\t\t\t\t<div class=\"elementor-element elementor-element-be4d2d7 elementor-widget elementor-widget-text-editor\" data-id=\"be4d2d7\" data-element_type=\"widget\" data-widget_type=\"text-editor.default\">\n\t\t\t\t<div class=\"elementor-widget-container\">\n\t\t\t\t\t<div class=\"elementor-text-editor elementor-clearfix\"><p><strong>Clur &amp; Cia.<\/strong> es una empresa Argentina enfocada al desarrollo y distribuci\u00f3n en el pa\u00eds de marcas prestigiosas internacionales de electrodom\u00e9sticos, bazar, productos para el hogar y tecnolog\u00eda.<\/p><p>Contamos con mas de 1500 empresas que participan en la cadena de distribuci\u00f3n de nuestros art\u00edculos. Como proveedores de esos productos y servicios nos esforzamos por brindar la mejor atenci\u00f3n personalizada a trav\u00e9s de nuestra fuerza de ventas.<\/p><p>En <strong>Clur &amp; C\u00eda.<\/strong> estamos en constante crecimiento y evoluci\u00f3n, dedicados a la importaci\u00f3n, y en algunos casos fabricaci\u00f3n, de productos de alta innovaci\u00f3n, calidad, tecnolog\u00eda superior y dise\u00f1o de vanguardia para un p\u00fablico cada vez m\u00e1s exigente, apostando por el pa\u00eds con confianza y compromiso desde hace m\u00e1s de 30 a\u00f1os.<\/p><\/div>\n\t\t\t\t<\/div>\n\t\t\t\t<\/div>\n\t\t\t\t\t\t<\/div>\n\t\t\t<\/div>\n\t\t<\/div>\n\t\t\t\t\t\t<\/div>\n\t\t\t<\/div>\n\t\t<\/section>\n\t\t\t\t<section class=\"elementor-element elementor-element-180b458 elementor-section-boxed elementor-section-height-default elementor-section-height-default elementor-section elementor-top-section\" data-id=\"180b458\" data-element_type=\"section\">\n\t\t\t\t\t\t<div class=\"elementor-container elementor-column-gap-default\">\n\t\t\t\t<div class=\"elementor-row\">\n\t\t\t\t<div class=\"elementor-element elementor-element-37fc260 elementor-column elementor-col-100 elementor-top-column\" data-id=\"37fc260\" data-element_type=\"column\">\n\t\t\t<div class=\"elementor-column-wrap  elementor-element-populated\">\n\t\t\t\t\t<div class=\"elementor-widget-wrap\">\n\t\t\t\t<section class=\"elementor-element elementor-element-41ebfa9 elementor-section-boxed elementor-section-height-default elementor-section-height-default elementor-section elementor-inner-section\" data-id=\"41ebfa9\" data-element_type=\"section\">\n\t\t\t\t\t\t<div class=\"elementor-container elementor-column-gap-default\">\n\t\t\t\t<div class=\"elementor-row\">\n\t\t\t\t<div class=\"elementor-element elementor-element-e90fc58 elementor-column elementor-col-50 elementor-inner-column\" data-id=\"e90fc58\" data-element_type=\"column\">\n\t\t\t<div class=\"elementor-column-wrap  elementor-element-populated\">\n\t\t\t\t\t<div class=\"elementor-widget-wrap\">\n\t\t\t\t<div class=\"elementor-element elementor-element-ed24ad7 animated-slow elementor-view-default elementor-position-top elementor-vertical-align-top elementor-invisible elementor-widget elementor-widget-icon-box\" data-id=\"ed24ad7\" data-element_type=\"widget\" data-settings=\"{&quot;_animation&quot;:&quot;fadeIn&quot;,&quot;_animation_delay&quot;:600}\" data-widget_type=\"icon-box.default\">\n\t\t\t\t<div class=\"elementor-widget-container\">\n\t\t\t\t\t<div class=\"elementor-icon-box-wrapper\">\n\t\t\t\t\t\t<div class=\"elementor-icon-box-icon\">\n\t\t\t\t<span class=\"elementor-icon elementor-animation-pop\" >\n\t\t\t\t<i aria-hidden=\"true\" class=\"fas fa-paper-plane\"><\/i>\t\t\t\t<\/span>\n\t\t\t<\/div>\n\t\t\t\t\t\t<div class=\"elementor-icon-box-content\">\n\t\t\t\t<h3 class=\"elementor-icon-box-title\">\n\t\t\t\t\t<span >Nuestra Misi\u00f3n<\/span>\n\t\t\t\t<\/h3>\n\t\t\t\t\t\t\t<\/div>\n\t\t<\/div>\n\t\t\t\t<\/div>\n\t\t\t\t<\/div>\n\t\t\t\t<div class=\"elementor-element elementor-element-d7ba3ea elementor-widget elementor-widget-text-editor\" data-id=\"d7ba3ea\" data-element_type=\"widget\" data-widget_type=\"text-editor.default\">\n\t\t\t\t<div class=\"elementor-widget-container\">\n\t\t\t\t\t<div class=\"elementor-text-editor elementor-clearfix\"><p>Generar el nexo entre las grandes marcas que desarrollamos y los distintos canales de venta para poder brindar la mayor variedad de productos que mejoren la calidad de vida de las personas.<\/p><\/div>\n\t\t\t\t<\/div>\n\t\t\t\t<\/div>\n\t\t\t\t\t\t<\/div>\n\t\t\t<\/div>\n\t\t<\/div>\n\t\t\t\t<div class=\"elementor-element elementor-element-e80a992 elementor-column elementor-col-50 elementor-inner-column\" data-id=\"e80a992\" data-element_type=\"column\">\n\t\t\t<div class=\"elementor-column-wrap  elementor-element-populated\">\n\t\t\t\t\t<div class=\"elementor-widget-wrap\">\n\t\t\t\t<div class=\"elementor-element elementor-element-e46e140 animated-slow elementor-view-default elementor-position-top elementor-vertical-align-top elementor-invisible elementor-widget elementor-widget-icon-box\" data-id=\"e46e140\" data-element_type=\"widget\" data-settings=\"{&quot;_animation&quot;:&quot;fadeIn&quot;,&quot;_animation_delay&quot;:600}\" data-widget_type=\"icon-box.default\">\n\t\t\t\t<div class=\"elementor-widget-container\">\n\t\t\t\t\t<div class=\"elementor-icon-box-wrapper\">\n\t\t\t\t\t\t<div class=\"elementor-icon-box-icon\">\n\t\t\t\t<span class=\"elementor-icon elementor-animation-pop\" >\n\t\t\t\t<i aria-hidden=\"true\" class=\"fas fa-eye\"><\/i>\t\t\t\t<\/span>\n\t\t\t<\/div>\n\t\t\t\t\t\t<div class=\"elementor-icon-box-content\">\n\t\t\t\t<h3 class=\"elementor-icon-box-title\">\n\t\t\t\t\t<span >Nuestra Visi\u00f3n<\/span>\n\t\t\t\t<\/h3>\n\t\t\t\t\t\t\t<\/div>\n\t\t<\/div>\n\t\t\t\t<\/div>\n\t\t\t\t<\/div>\n\t\t\t\t<div class=\"elementor-element elementor-element-9a7bde2 elementor-widget elementor-widget-text-editor\" data-id=\"9a7bde2\" data-element_type=\"widget\" data-widget_type=\"text-editor.default\">\n\t\t\t\t<div class=\"elementor-widget-container\">\n\t\t\t\t\t<div class=\"elementor-text-editor elementor-clearfix\"><p><span style=\"font-size: 14px;\">Mantener la vanguardia y creatividad en nuestros productos, crecer y posicionar con responsabilidad nuestras marcas como l\u00edderes en el mercado nacional.<\/span><\/p><\/div>\n\t\t\t\t<\/div>\n\t\t\t\t<\/div>\n\t\t\t\t\t\t<\/div>\n\t\t\t<\/div>\n\t\t<\/div>\n\t\t\t\t\t\t<\/div>\n\t\t\t<\/div>\n\t\t<\/section>\n\t\t\t\t<section class=\"elementor-element elementor-element-ef0f448 elementor-section-boxed elementor-section-height-default elementor-section-height-default elementor-section elementor-inner-section\" data-id=\"ef0f448\" data-element_type=\"section\">\n\t\t\t\t\t\t<div class=\"elementor-container elementor-column-gap-default\">\n\t\t\t\t<div class=\"elementor-row\">\n\t\t\t\t<div class=\"elementor-element elementor-element-f28f974 elementor-column elementor-col-50 elementor-inner-column\" data-id=\"f28f974\" data-element_type=\"column\">\n\t\t\t<div class=\"elementor-column-wrap  elementor-element-populated\">\n\t\t\t\t\t<div class=\"elementor-widget-wrap\">\n\t\t\t\t<div class=\"elementor-element elementor-element-fa79ba0 animated-slow elementor-view-default elementor-position-top elementor-vertical-align-top elementor-invisible elementor-widget elementor-widget-icon-box\" data-id=\"fa79ba0\" data-element_type=\"widget\" data-settings=\"{&quot;_animation&quot;:&quot;fadeIn&quot;,&quot;_animation_delay&quot;:600}\" data-widget_type=\"icon-box.default\">\n\t\t\t\t<div class=\"elementor-widget-container\">\n\t\t\t\t\t<div class=\"elementor-icon-box-wrapper\">\n\t\t\t\t\t\t<div class=\"elementor-icon-box-icon\">\n\t\t\t\t<span class=\"elementor-icon elementor-animation-pop\" >\n\t\t\t\t<i aria-hidden=\"true\" class=\"fas fa-handshake\"><\/i>\t\t\t\t<\/span>\n\t\t\t<\/div>\n\t\t\t\t\t\t<div class=\"elementor-icon-box-content\">\n\t\t\t\t<h3 class=\"elementor-icon-box-title\">\n\t\t\t\t\t<span >Nuestros Valores<\/span>\n\t\t\t\t<\/h3>\n\t\t\t\t\t\t\t<\/div>\n\t\t<\/div>\n\t\t\t\t<\/div>\n\t\t\t\t<\/div>\n\t\t\t\t<div class=\"elementor-element elementor-element-f42c24f elementor-widget elementor-widget-text-editor\" data-id=\"f42c24f\" data-element_type=\"widget\" data-widget_type=\"text-editor.default\">\n\t\t\t\t<div class=\"elementor-widget-container\">\n\t\t\t\t\t<div class=\"elementor-text-editor elementor-clearfix\"><p>Satisfacer a nuestros clientes.<br \/>Generar alianzas estrat\u00e9gicas con nuestros proveedores.<br \/>Cumplir con nuestros compromisos.<\/p><\/div>\n\t\t\t\t<\/div>\n\t\t\t\t<\/div>\n\t\t\t\t\t\t<\/div>\n\t\t\t<\/div>\n\t\t<\/div>\n\t\t\t\t<div class=\"elementor-element elementor-element-8fd74c1 elementor-column elementor-col-50 elementor-inner-column\" data-id=\"8fd74c1\" data-element_type=\"column\">\n\t\t\t<div class=\"elementor-column-wrap  elementor-element-populated\">\n\t\t\t\t\t<div class=\"elementor-widget-wrap\">\n\t\t\t\t<div class=\"elementor-element elementor-element-93d1036 animated-slow elementor-view-default elementor-position-top elementor-vertical-align-top elementor-invisible elementor-widget elementor-widget-icon-box\" data-id=\"93d1036\" data-element_type=\"widget\" data-settings=\"{&quot;_animation&quot;:&quot;fadeIn&quot;,&quot;_animation_delay&quot;:600}\" data-widget_type=\"icon-box.default\">\n\t\t\t\t<div class=\"elementor-widget-container\">\n\t\t\t\t\t<div class=\"elementor-icon-box-wrapper\">\n\t\t\t\t\t\t<div class=\"elementor-icon-box-icon\">\n\t\t\t\t<span class=\"elementor-icon elementor-animation-pop\" >\n\t\t\t\t<i aria-hidden=\"true\" class=\"fas fa-medal\"><\/i>\t\t\t\t<\/span>\n\t\t\t<\/div>\n\t\t\t\t\t\t<div class=\"elementor-icon-box-content\">\n\t\t\t\t<h3 class=\"elementor-icon-box-title\">\n\t\t\t\t\t<span >Nuestra Estrategia<\/span>\n\t\t\t\t<\/h3>\n\t\t\t\t\t\t\t<\/div>\n\t\t<\/div>\n\t\t\t\t<\/div>\n\t\t\t\t<\/div>\n\t\t\t\t<div class=\"elementor-element elementor-element-a3ae9a7 elementor-widget elementor-widget-text-editor\" data-id=\"a3ae9a7\" data-element_type=\"widget\" data-widget_type=\"text-editor.default\">\n\t\t\t\t<div class=\"elementor-widget-container\">\n\t\t\t\t\t<div class=\"elementor-text-editor elementor-clearfix\"><p>Generar socios estrat\u00e9gicos para incrementar el portfolio de productos y la rentabilidad tanto para nuestra empresa como para nuestros clientes y proveedores.<\/p><\/div>\n\t\t\t\t<\/div>\n\t\t\t\t<\/div>\n\t\t\t\t\t\t<\/div>\n\t\t\t<\/div>\n\t\t<\/div>\n\t\t\t\t\t\t<\/div>\n\t\t\t<\/div>\n\t\t<\/section>\n\t\t\t\t\t\t<\/div>\n\t\t\t<\/div>\n\t\t<\/div>\n\t\t\t\t\t\t<\/div>\n\t\t\t<\/div>\n\t\t<\/section>\n\t\t\t\t<section class=\"elementor-element elementor-element-fc7e204 elementor-section-content-middle elementor-section-boxed elementor-section-height-default elementor-section-height-default elementor-section elementor-top-section\" data-id=\"fc7e204\" data-element_type=\"section\" data-settings=\"{&quot;background_background&quot;:&quot;classic&quot;}\">\n\t\t\t\t\t\t<div class=\"elementor-container elementor-column-gap-no\">\n\t\t\t\t<div class=\"elementor-row\">\n\t\t\t\t<div class=\"elementor-element elementor-element-08734a5 elementor-column elementor-col-50 elementor-top-column\" data-id=\"08734a5\" data-element_type=\"column\">\n\t\t\t<div class=\"elementor-column-wrap  elementor-element-populated\">\n\t\t\t\t\t<div class=\"elementor-widget-wrap\">\n\t\t\t\t<div class=\"elementor-element elementor-element-7fcedaa elementor-widget elementor-widget-heading\" data-id=\"7fcedaa\" data-element_type=\"widget\" data-widget_type=\"heading.default\">\n\t\t\t\t<div class=\"elementor-widget-container\">\n\t\t\t<h2 class=\"elementor-heading-title elementor-size-default\">Nuestra Historia<\/h2>\t\t<\/div>\n\t\t\t\t<\/div>\n\t\t\t\t<div class=\"elementor-element elementor-element-4b214e0 elementor-widget elementor-widget-divider\" data-id=\"4b214e0\" data-element_type=\"widget\" data-widget_type=\"divider.default\">\n\t\t\t\t<div class=\"elementor-widget-container\">\n\t\t\t\t\t<div class=\"elementor-divider\">\n\t\t\t<span class=\"elementor-divider-separator\">\n\t\t\t\t\t\t<\/span>\n\t\t<\/div>\n\t\t\t\t<\/div>\n\t\t\t\t<\/div>\n\t\t\t\t<div class=\"elementor-element elementor-element-3fc4083 elementor-widget elementor-widget-text-editor\" data-id=\"3fc4083\" data-element_type=\"widget\" data-widget_type=\"text-editor.default\">\n\t\t\t\t<div class=\"elementor-widget-container\">\n\t\t\t\t\t<div class=\"elementor-text-editor elementor-clearfix\"><p>Desde 1990 esta empresa Argentina nace con el prop\u00f3sito de brindar soluciones comerciales a las grandes compa\u00f1\u00edas de art\u00edculos para el hogar y bazar, desarrollando sus marcas en el mercado argentino. Una de ellas y la m\u00e1s importante: <b>SAECO<\/b>. Iniciando tambi\u00e9n como pioneros en la venta de electrodom\u00e9sticos en el canal institucional, creando nuestras propias marcas\u00a0<b>CONNOISSERVE<\/b><strong>,\u00a0SPRESSIONE<\/strong> y <strong>SPRESSIONE CAF\u00c9<\/strong>.\u00a0<\/p><p>A partir del a\u00f1o 2003 desarrollamos la marca <b>OSTER<\/b> como importadores oficiales. Con una performance tan buena que la empresa americana decidi\u00f3 en 2008 invertir y lanzarse al mercado argentino nombr\u00e1ndonos como su distribuidor oficial a nivel nacional.\u00a0<\/p><p>En estos m\u00e1s de 30 a\u00f1os de trayectoria, representamos marcas internacionales a nivel nacional tales como <b>DELONGHI, COLEMAN, OSTER, SAECO, PYREX, CORELLE, CORNINGWARE, BISSELL, TAURUS, BIONAIRE<\/b>\u00a0y\u00a0<b>PHILIPS<\/b>.<span style=\"font-size: 14px;\">Tambi\u00e9n brindamos soluciones comerciales a empresas colegas, tanto en el desarrollo de venta como tambi\u00e9n en el desarrollo de producto, generando as\u00ed una sinergia junto con nuestra fuerza de ventas, para comercializar sus productos. Uno de nuestros casos m\u00e1s exitoso fue el desarrollo y la inserci\u00f3n de la marca <\/span><b style=\"font-style: inherit;\">ALCATEL<\/b><span style=\"font-size: 14px;\"> en el canal tradicional, incrementando sus ventas en un 100% y obteniendo un market share del 20% del mercado argentino en el a\u00f1o 2010.\u00a0<\/span><\/p><p>Hoy en d\u00eda, contamos con la importaci\u00f3n oficial de marcas de primer nivel mundial como\u00a0<b>BISSELL<\/b> y <b>DELONGHI<\/b>. Continuamos siendo desde nuestros comienzos distribuidores oficiales de <b>PHILIPS SAECO<\/b>\u00a0y, representantes y encargados del lanzamiento en Argentina de la marca <b>SODASTREAM<\/b>.<\/p><p>Recientemente hemos lanzado <strong>SPRESSIONE CAF\u00c9,<\/strong>\u00a0un canal espec\u00edfico dedicado a la comercializaci\u00f3n de caf\u00e9 en grano y m\u00e1quinas espresso. De la misma forma, continuamos desarrollando nuestras marcas de electrodom\u00e9sticos\u00a0<b>CONNOISSERVE<\/b>\u00a0y <strong>SPRESSIONE.<\/strong><\/p><\/div>\n\t\t\t\t<\/div>\n\t\t\t\t<\/div>\n\t\t\t\t\t\t<\/div>\n\t\t\t<\/div>\n\t\t<\/div>\n\t\t\t\t<div class=\"elementor-element elementor-element-7b68e9c elementor-column elementor-col-50 elementor-top-column\" data-id=\"7b68e9c\" data-element_type=\"column\">\n\t\t\t<div class=\"elementor-column-wrap  elementor-element-populated\">\n\t\t\t\t\t<div class=\"elementor-widget-wrap\">\n\t\t\t\t<div class=\"elementor-element elementor-element-570746a elementor-widget elementor-widget-image\" data-id=\"570746a\" data-element_type=\"widget\" data-widget_type=\"image.default\">\n\t\t\t\t<div class=\"elementor-widget-container\">\n\t\t\t\t\t<div class=\"elementor-image\">\n\t\t\t\t\t\t\t\t\t\t<img width=\"300\" height=\"300\" src=\"https:\/\/clur.com.ar\/wp53\/wp-content\/uploads\/2021\/02\/CLUR-30years-blue-with-bkg.png\" class=\"attachment-large size-large\" alt=\"\" loading=\"lazy\" srcset=\"https:\/\/clur.com.ar\/wp53\/wp-content\/uploads\/2021\/02\/CLUR-30years-blue-with-bkg.png 300w, https:\/\/clur.com.ar\/wp53\/wp-content\/uploads\/2021\/02\/CLUR-30years-blue-with-bkg-150x150.png 150w\" sizes=\"(max-width: 300px) 100vw, 300px\" \/>\t\t\t\t\t\t\t\t\t\t\t<\/div>\n\t\t\t\t<\/div>\n\t\t\t\t<\/div>\n\t\t\t\t\t\t<\/div>\n\t\t\t<\/div>\n\t\t<\/div>\n\t\t\t\t\t\t<\/div>\n\t\t\t<\/div>\n\t\t<\/section>\n\t\t\t\t\t\t<\/div>\n\t\t\t<\/div>\n\t\t<\/div>\n\t\t","protected":false},"excerpt":{"rendered":"<p>Quienes Somos Clur &amp; Cia. es una empresa Argentina enfocada al desarrollo y distribuci\u00f3n en el pa\u00eds de marcas prestigiosas internacionales de electrodom\u00e9sticos, bazar, productos para el hogar y tecnolog\u00eda. Contamos con mas de 1500 empresas que participan en la cadena de distribuci\u00f3n de nuestros art\u00edculos. Como proveedores de esos productos y servicios nos esforzamos &hellip;<\/p>\n<p class=\"read-more\"> <a class=\"\" href=\"https:\/\/clur.com.ar\/wp53\/nosotros\/\"> <span class=\"screen-reader-text\">Nosotros<\/span> Leer m\u00e1s &raquo;<\/a><\/p>\n","protected":false},"author":1,"featured_media":0,"parent":0,"menu_order":0,"comment_status":"closed","ping_status":"closed","template":"","meta":{"site-sidebar-layout":"no-sidebar","site-content-layout":"page-builder","ast-global-header-display":"","ast-main-header-display":"","ast-hfb-above-header-display":"","ast-hfb-below-header-display":"","ast-hfb-mobile-header-display":"","site-post-title":"disabled","ast-breadcrumbs-content":"","ast-featured-img":"disabled","footer-sml-layout":"","theme-transparent-header-meta":"default","adv-header-id-meta":"","stick-header-meta":"","header-above-stick-meta":"","header-main-stick-meta":"","header-below-stick-meta":""},"_links":{"self":[{"href":"https:\/\/clur.com.ar\/wp53\/wp-json\/wp\/v2\/pages\/138"}],"collection":[{"href":"https:\/\/clur.com.ar\/wp53\/wp-json\/wp\/v2\/pages"}],"about":[{"href":"https:\/\/clur.com.ar\/wp53\/wp-json\/wp\/v2\/types\/page"}],"author":[{"embeddable":true,"href":"https:\/\/clur.com.ar\/wp53\/wp-json\/wp\/v2\/users\/1"}],"replies":[{"embeddable":true,"href":"https:\/\/clur.com.ar\/wp53\/wp-json\/wp\/v2\/comments?post=138"}],"version-history":[{"count":86,"href":"https:\/\/clur.com.ar\/wp53\/wp-json\/wp\/v2\/pages\/138\/revisions"}],"predecessor-version":[{"id":707,"href":"https:\/\/clur.com.ar\/wp53\/wp-json\/wp\/v2\/pages\/138\/revisions\/707"}],"wp:attachment":[{"href":"https:\/\/clur.com.ar\/wp53\/wp-json\/wp\/v2\/media?parent=138"}],"curies":[{"name":"wp","href":"https:\/\/api.w.org\/{rel}","templated":true}]}}